{"id":25,"date":"2016-04-18T06:16:52","date_gmt":"2016-04-18T04:16:52","guid":{"rendered":"http:\/\/test23.verikal.de\/wordpress\/en\/?page_id=25"},"modified":"2016-08-22T10:26:59","modified_gmt":"2016-08-22T08:26:59","slug":"reinraum","status":"publish","type":"page","link":"https:\/\/www.verikal.de\/en\/leistungen\/reinraum\/","title":{"rendered":"Cleanroom Qualification"},"content":{"rendered":"<div id=\"ez-toc-container\" class=\"ez-toc-v2_0_81 counter-hierarchy ez-toc-counter ez-toc-grey ez-toc-container-direction\">\n<div class=\"ez-toc-title-container\">\n<p class=\"ez-toc-title\" style=\"cursor:inherit\">Table of Contents<\/p>\n<span class=\"ez-toc-title-toggle\"><a href=\"#\" class=\"ez-toc-pull-right ez-toc-btn ez-toc-btn-xs ez-toc-btn-default ez-toc-toggle\" aria-label=\"Toggle Table of Content\"><span class=\"ez-toc-js-icon-con\"><span class=\"\"><span class=\"eztoc-hide\" style=\"display:none;\">Toggle<\/span><span class=\"ez-toc-icon-toggle-span\"><svg style=\"fill: #999;color:#999\" xmlns=\"http:\/\/www.w3.org\/2000\/svg\" class=\"list-377408\" width=\"20px\" height=\"20px\" viewBox=\"0 0 24 24\" fill=\"none\"><path d=\"M6 6H4v2h2V6zm14 0H8v2h12V6zM4 11h2v2H4v-2zm16 0H8v2h12v-2zM4 16h2v2H4v-2zm16 0H8v2h12v-2z\" fill=\"currentColor\"><\/path><\/svg><svg style=\"fill: #999;color:#999\" class=\"arrow-unsorted-368013\" xmlns=\"http:\/\/www.w3.org\/2000\/svg\" width=\"10px\" height=\"10px\" viewBox=\"0 0 24 24\" version=\"1.2\" baseProfile=\"tiny\"><path d=\"M18.2 9.3l-6.2-6.3-6.2 6.3c-.2.2-.3.4-.3.7s.1.5.3.7c.2.2.4.3.7.3h11c.3 0 .5-.1.7-.3.2-.2.3-.5.3-.7s-.1-.5-.3-.7zM5.8 14.7l6.2 6.3 6.2-6.3c.2-.2.3-.5.3-.7s-.1-.5-.3-.7c-.2-.2-.4-.3-.7-.3h-11c-.3 0-.5.1-.7.3-.2.2-.3.5-.3.7s.1.5.3.7z\"\/><\/svg><\/span><\/span><\/span><\/a><\/span><\/div>\n<nav><ul class='ez-toc-list ez-toc-list-level-1 ' ><li class='ez-toc-page-1 ez-toc-heading-level-2'><a class=\"ez-toc-link ez-toc-heading-1\" href=\"https:\/\/www.verikal.de\/en\/leistungen\/reinraum\/#Reinraumqualifizierung\" >Reinraumqualifizierung<\/a><ul class='ez-toc-list-level-3' ><li class='ez-toc-heading-level-3'><a class=\"ez-toc-link ez-toc-heading-2\" href=\"https:\/\/www.verikal.de\/en\/leistungen\/reinraum\/#Was_wir_bieten\" >Was wir bieten<\/a><\/li><\/ul><\/li><\/ul><\/nav><\/div>\n<h2><span class=\"ez-toc-section\" id=\"Reinraumqualifizierung\"><\/span>Reinraumqualifizierung<span class=\"ez-toc-section-end\"><\/span><\/h2>\n<p>Ob reinlufttechnische Anlage, Reinraum, Isolator oder Zytostatika-Werkbank. Wir f\u00fchren alle Service-Leistungen und Pr\u00fcfungen durch die mit Qualifizierung, Inbetriebnahme und dem Betrieb in Verbindung stehen.<\/p>\n<h3><span class=\"ez-toc-section\" id=\"Was_wir_bieten\"><\/span>Was wir bieten<span class=\"ez-toc-section-end\"><\/span><\/h3>\n<ul>\n<li>\u00dcberpr\u00fcfung der Reinraumklasse nach DIN EN ISO 14644<\/li>\n<li>Pr\u00fcfung der Luftfilter\u00a0 gem\u00e4\u00df. DIN EN ISO 14644-3:2005, Anhang B.6.4 \/ B.6.3<\/li>\n<li>ISO-Kalibrierung von Temperatur, Feuchte und Differenzdrucksensoren<\/li>\n<li>Bestimmung der Luftgeschwindigkeit \/ Luftwechselzahl<\/li>\n<li>Recovery-Tests<\/li>\n<li>Pr\u00fcfung der Druckkaskaden und Str\u00f6mungsvisualisierung<\/li>\n<li>Validierung\/ Entwicklung von VHP (H2O2) Dekontaminationsverfahren<\/li>\n<li>Herstellerunabh\u00e4ngig<\/li>\n<\/ul>\n<p>&nbsp;<\/p>\n<p>&nbsp;<\/p>\n","protected":false},"excerpt":{"rendered":"<p>Reinraumqualifizierung Ob reinlufttechnische Anlage, Reinraum, Isolator oder Zytostatika-Werkbank. Wir f\u00fchren alle Service-Leistungen und Pr\u00fcfungen durch die mit Qualifizierung, Inbetriebnahme und dem Betrieb in Verbindung stehen. Was wir bieten \u00dcberpr\u00fcfung der [&hellip;]<\/p>\n","protected":false},"author":1,"featured_media":212,"parent":21,"menu_order":0,"comment_status":"closed","ping_status":"closed","template":"templates\/leistungen.php","meta":{"_acf_changed":false,"footnotes":""},"categories":[],"class_list":["post-25","page","type-page","status-publish","has-post-thumbnail","hentry"],"acf":[],"yoast_head":"<!-- This site is optimized with the Yoast SEO plugin v27.1.1 - https:\/\/yoast.com\/product\/yoast-seo-wordpress\/ -->\n<title>Cleanroom Qualification - Verikal GmbH - EN<\/title>\n<meta name=\"robots\" content=\"index, follow, max-snippet:-1, max-image-preview:large, max-video-preview:-1\" \/>\n<link rel=\"canonical\" href=\"https:\/\/www.verikal.de\/en\/leistungen\/reinraum\/\" \/>\n<meta property=\"og:locale\" content=\"en_GB\" \/>\n<meta property=\"og:type\" content=\"article\" \/>\n<meta property=\"og:title\" content=\"Cleanroom Qualification - Verikal GmbH - EN\" \/>\n<meta property=\"og:description\" content=\"Reinraumqualifizierung Ob reinlufttechnische Anlage, Reinraum, Isolator oder Zytostatika-Werkbank. Wir f\u00fchren alle Service-Leistungen und Pr\u00fcfungen durch die mit Qualifizierung, Inbetriebnahme und dem Betrieb in Verbindung stehen. Was wir bieten \u00dcberpr\u00fcfung der [&hellip;]\" \/>\n<meta property=\"og:url\" content=\"https:\/\/www.verikal.de\/en\/leistungen\/reinraum\/\" \/>\n<meta property=\"og:site_name\" content=\"Verikal GmbH - EN\" \/>\n<meta property=\"article:modified_time\" content=\"2016-08-22T08:26:59+00:00\" \/>\n<meta property=\"og:image\" content=\"https:\/\/www.verikal.de\/wordpress\/en\/wp-content\/uploads\/sites\/3\/2016\/04\/fotolia_102334567-e1471598634399.jpg\" \/>\n\t<meta property=\"og:image:width\" content=\"400\" \/>\n\t<meta property=\"og:image:height\" content=\"300\" \/>\n\t<meta property=\"og:image:type\" content=\"image\/jpeg\" \/>\n<meta name=\"twitter:card\" content=\"summary_large_image\" \/>\n<script type=\"application\/ld+json\" class=\"yoast-schema-graph\">{\"@context\":\"https:\/\/schema.org\",\"@graph\":[{\"@type\":\"WebPage\",\"@id\":\"https:\/\/www.verikal.de\/en\/leistungen\/reinraum\/\",\"url\":\"https:\/\/www.verikal.de\/en\/leistungen\/reinraum\/\",\"name\":\"Cleanroom Qualification - Verikal GmbH - EN\",\"isPartOf\":{\"@id\":\"https:\/\/www.verikal.de\/en\/#website\"},\"primaryImageOfPage\":{\"@id\":\"https:\/\/www.verikal.de\/en\/leistungen\/reinraum\/#primaryimage\"},\"image\":{\"@id\":\"https:\/\/www.verikal.de\/en\/leistungen\/reinraum\/#primaryimage\"},\"thumbnailUrl\":\"https:\/\/www.verikal.de\/wordpress\/en\/wp-content\/uploads\/sites\/3\/2016\/04\/fotolia_102334567-e1471598634399.jpg\",\"datePublished\":\"2016-04-18T04:16:52+00:00\",\"dateModified\":\"2016-08-22T08:26:59+00:00\",\"breadcrumb\":{\"@id\":\"https:\/\/www.verikal.de\/en\/leistungen\/reinraum\/#breadcrumb\"},\"inLanguage\":\"en-GB\",\"potentialAction\":[{\"@type\":\"ReadAction\",\"target\":[\"https:\/\/www.verikal.de\/en\/leistungen\/reinraum\/\"]}]},{\"@type\":\"ImageObject\",\"inLanguage\":\"en-GB\",\"@id\":\"https:\/\/www.verikal.de\/en\/leistungen\/reinraum\/#primaryimage\",\"url\":\"https:\/\/www.verikal.de\/wordpress\/en\/wp-content\/uploads\/sites\/3\/2016\/04\/fotolia_102334567-e1471598634399.jpg\",\"contentUrl\":\"https:\/\/www.verikal.de\/wordpress\/en\/wp-content\/uploads\/sites\/3\/2016\/04\/fotolia_102334567-e1471598634399.jpg\",\"width\":400,\"height\":300},{\"@type\":\"BreadcrumbList\",\"@id\":\"https:\/\/www.verikal.de\/en\/leistungen\/reinraum\/#breadcrumb\",\"itemListElement\":[{\"@type\":\"ListItem\",\"position\":1,\"name\":\"Startseite\",\"item\":\"https:\/\/www.verikal.de\/en\/\"},{\"@type\":\"ListItem\",\"position\":2,\"name\":\"Services\",\"item\":\"https:\/\/www.verikal.de\/en\/leistungen\/\"},{\"@type\":\"ListItem\",\"position\":3,\"name\":\"Cleanroom Qualification\"}]},{\"@type\":\"WebSite\",\"@id\":\"https:\/\/www.verikal.de\/en\/#website\",\"url\":\"https:\/\/www.verikal.de\/en\/\",\"name\":\"Verikal GmbH - EN\",\"description\":\"Kalibrierdienstleistungen aus einer Hand\",\"potentialAction\":[{\"@type\":\"SearchAction\",\"target\":{\"@type\":\"EntryPoint\",\"urlTemplate\":\"https:\/\/www.verikal.de\/en\/?s={search_term_string}\"},\"query-input\":{\"@type\":\"PropertyValueSpecification\",\"valueRequired\":true,\"valueName\":\"search_term_string\"}}],\"inLanguage\":\"en-GB\"}]}<\/script>\n<!-- \/ Yoast SEO plugin. -->","yoast_head_json":{"title":"Cleanroom Qualification - Verikal GmbH - EN","robots":{"index":"index","follow":"follow","max-snippet":"max-snippet:-1","max-image-preview":"max-image-preview:large","max-video-preview":"max-video-preview:-1"},"canonical":"https:\/\/www.verikal.de\/en\/leistungen\/reinraum\/","og_locale":"en_GB","og_type":"article","og_title":"Cleanroom Qualification - Verikal GmbH - EN","og_description":"Reinraumqualifizierung Ob reinlufttechnische Anlage, Reinraum, Isolator oder Zytostatika-Werkbank. Wir f\u00fchren alle Service-Leistungen und Pr\u00fcfungen durch die mit Qualifizierung, Inbetriebnahme und dem Betrieb in Verbindung stehen. Was wir bieten \u00dcberpr\u00fcfung der [&hellip;]","og_url":"https:\/\/www.verikal.de\/en\/leistungen\/reinraum\/","og_site_name":"Verikal GmbH - EN","article_modified_time":"2016-08-22T08:26:59+00:00","og_image":[{"width":400,"height":300,"url":"https:\/\/www.verikal.de\/wordpress\/en\/wp-content\/uploads\/sites\/3\/2016\/04\/fotolia_102334567-e1471598634399.jpg","type":"image\/jpeg"}],"twitter_card":"summary_large_image","schema":{"@context":"https:\/\/schema.org","@graph":[{"@type":"WebPage","@id":"https:\/\/www.verikal.de\/en\/leistungen\/reinraum\/","url":"https:\/\/www.verikal.de\/en\/leistungen\/reinraum\/","name":"Cleanroom Qualification - Verikal GmbH - EN","isPartOf":{"@id":"https:\/\/www.verikal.de\/en\/#website"},"primaryImageOfPage":{"@id":"https:\/\/www.verikal.de\/en\/leistungen\/reinraum\/#primaryimage"},"image":{"@id":"https:\/\/www.verikal.de\/en\/leistungen\/reinraum\/#primaryimage"},"thumbnailUrl":"https:\/\/www.verikal.de\/wordpress\/en\/wp-content\/uploads\/sites\/3\/2016\/04\/fotolia_102334567-e1471598634399.jpg","datePublished":"2016-04-18T04:16:52+00:00","dateModified":"2016-08-22T08:26:59+00:00","breadcrumb":{"@id":"https:\/\/www.verikal.de\/en\/leistungen\/reinraum\/#breadcrumb"},"inLanguage":"en-GB","potentialAction":[{"@type":"ReadAction","target":["https:\/\/www.verikal.de\/en\/leistungen\/reinraum\/"]}]},{"@type":"ImageObject","inLanguage":"en-GB","@id":"https:\/\/www.verikal.de\/en\/leistungen\/reinraum\/#primaryimage","url":"https:\/\/www.verikal.de\/wordpress\/en\/wp-content\/uploads\/sites\/3\/2016\/04\/fotolia_102334567-e1471598634399.jpg","contentUrl":"https:\/\/www.verikal.de\/wordpress\/en\/wp-content\/uploads\/sites\/3\/2016\/04\/fotolia_102334567-e1471598634399.jpg","width":400,"height":300},{"@type":"BreadcrumbList","@id":"https:\/\/www.verikal.de\/en\/leistungen\/reinraum\/#breadcrumb","itemListElement":[{"@type":"ListItem","position":1,"name":"Startseite","item":"https:\/\/www.verikal.de\/en\/"},{"@type":"ListItem","position":2,"name":"Services","item":"https:\/\/www.verikal.de\/en\/leistungen\/"},{"@type":"ListItem","position":3,"name":"Cleanroom Qualification"}]},{"@type":"WebSite","@id":"https:\/\/www.verikal.de\/en\/#website","url":"https:\/\/www.verikal.de\/en\/","name":"Verikal GmbH - EN","description":"Kalibrierdienstleistungen aus einer Hand","potentialAction":[{"@type":"SearchAction","target":{"@type":"EntryPoint","urlTemplate":"https:\/\/www.verikal.de\/en\/?s={search_term_string}"},"query-input":{"@type":"PropertyValueSpecification","valueRequired":true,"valueName":"search_term_string"}}],"inLanguage":"en-GB"}]}},"_links":{"self":[{"href":"https:\/\/www.verikal.de\/en\/wp-json\/wp\/v2\/pages\/25","targetHints":{"allow":["GET"]}}],"collection":[{"href":"https:\/\/www.verikal.de\/en\/wp-json\/wp\/v2\/pages"}],"about":[{"href":"https:\/\/www.verikal.de\/en\/wp-json\/wp\/v2\/types\/page"}],"author":[{"embeddable":true,"href":"https:\/\/www.verikal.de\/en\/wp-json\/wp\/v2\/users\/1"}],"replies":[{"embeddable":true,"href":"https:\/\/www.verikal.de\/en\/wp-json\/wp\/v2\/comments?post=25"}],"version-history":[{"count":11,"href":"https:\/\/www.verikal.de\/en\/wp-json\/wp\/v2\/pages\/25\/revisions"}],"predecessor-version":[{"id":234,"href":"https:\/\/www.verikal.de\/en\/wp-json\/wp\/v2\/pages\/25\/revisions\/234"}],"up":[{"embeddable":true,"href":"https:\/\/www.verikal.de\/en\/wp-json\/wp\/v2\/pages\/21"}],"wp:featuredmedia":[{"embeddable":true,"href":"https:\/\/www.verikal.de\/en\/wp-json\/wp\/v2\/media\/212"}],"wp:attachment":[{"href":"https:\/\/www.verikal.de\/en\/wp-json\/wp\/v2\/media?parent=25"}],"wp:term":[{"taxonomy":"category","embeddable":true,"href":"https:\/\/www.verikal.de\/en\/wp-json\/wp\/v2\/categories?post=25"}],"curies":[{"name":"wp","href":"https:\/\/api.w.org\/{rel}","templated":true}]}}